{"id":3332,"date":"2022-06-29T13:11:27","date_gmt":"2022-06-29T10:11:27","guid":{"rendered":"https:\/\/shop.totemas.lt\/?page_id=3332"},"modified":"2022-06-29T13:36:58","modified_gmt":"2022-06-29T10:36:58","slug":"prekiu-grazinimas","status":"publish","type":"page","link":"https:\/\/e.totemas.lt\/ru\/prekiu-grazinimas\/","title":{"rendered":"Preki\u0173 gr\u0105\u017einimas"},"content":{"rendered":"<div class=\"cat-body mt10 fck\">\n<p style=\"font-weight: 400;\">GR\u0104\u017dINIMAS IR KEITIMAS<\/p>\n<p style=\"font-weight: 400;\">Nor\u0117damas gr\u0105\u017einti prek\u0119(-es) remiantis m\u016bs\u0173 taisykli\u0173 3.2. punktu (puslapio apa\u010dioje, skiltis \u201eTaisykl\u0117s\u201c), pirk\u0117jas gali tai padaryti per\u00a030 (trisde\u0161imt) dien\u0173 nuo preki\u0173 pristatymo pirk\u0117jui dienos. Pirk\u0117jas gr\u0105\u017eindamas prek\u0119(-es) turi\u00a0nurodyti gr\u0105\u017einamos prek\u0117s pavadinim\u0105, u\u017esakymo numer\u012f ir gr\u0105\u017einimo prie\u017eastis.<\/p>\n<p style=\"font-weight: 400;\">\n<p style=\"font-weight: 400;\">Gr\u0105\u017einant prekes, b\u016btina laikytis \u0161i\u0173 s\u0105lyg\u0173:<\/p>\n<ul>\n<li style=\"font-weight: 400;\">gr\u0105\u017einama prek\u0117 turi b\u016bti originalioje tvarkingoje pakuot\u0117je (\u0161is punktas netaikomas gr\u0105\u017einant nekokybi\u0161k\u0105 prek\u0119);<\/li>\n<li style=\"font-weight: 400;\">prek\u0117 turi b\u016bti Pirk\u0117jo nenaudota ir nesugadinta;<\/li>\n<li style=\"font-weight: 400;\">prek\u0117 turi b\u016bti nepraradusi prekin\u0117s i\u0161vaizdos (nepa\u017eeistos etiket\u0117s, nenupl\u0117\u0161tos apsaugin\u0117s pl\u0117vel\u0117s ir kt.) (\u0161is punktas netaikomas tuo atveju, kai gr\u0105\u017einama nekokybi\u0161ka prek\u0117);<\/li>\n<li style=\"font-weight: 400;\">gr\u0105\u017einama prek\u0117 turi b\u016bti tos pa\u010dios komplektacijos, kokios buvo Pirk\u0117jo gauta;<\/li>\n<li style=\"font-weight: 400;\">gr\u0105\u017einant prek\u0119 b\u016btina pateikti jos \u012fsigijimo dokument\u0105.<\/li>\n<li style=\"font-weight: 400;\">pardav\u0117jas turi teis\u0119 nepriimti Pirk\u0117jo gr\u0105\u017einam\u0173 preki\u0173, jei Pirk\u0117jas nesilaiko auk\u0161\u010diau i\u0161vardintos preki\u0173 gr\u0105\u017einimo tvarkos.<\/li>\n<li style=\"font-weight: 400;\">gr\u0105\u017einant gaut\u0105 ne t\u0105 prek\u0119 ir\/ar nekokybi\u0161k\u0105 prek\u0117, Pardav\u0117jas \u012fsipareigoja atsiimti tokias prekes ir jas pakeisti analogi\u0161komis tinkamomis prek\u0117mis.<\/li>\n<li style=\"font-weight: 400;\">tuo atveju, kai Pardav\u0117jas neturi pakeitimui tinkam\u0173 preki\u0173, Pirk\u0117jui gr\u0105\u017einama sumok\u0117ta suma, neskaitant kainos u\u017e pristatym\u0105.<\/li>\n<\/ul>\n<\/div>","protected":false},"excerpt":{"rendered":"<p>GR\u0104\u017dINIMAS IR KEITIMAS Nor\u0117damas gr\u0105\u017einti prek\u0119(-es) remiantis m\u016bs\u0173 taisykli\u0173 3.2. punktu (puslapio apa\u010dioje, skiltis \u201eTaisykl\u0117s\u201c), pirk\u0117jas gali tai padaryti per\u00a030 (trisde\u0161imt) dien\u0173 nuo preki\u0173 pristatymo pirk\u0117jui dienos. Pirk\u0117jas gr\u0105\u017eindamas prek\u0119(-es) turi\u00a0nurodyti gr\u0105\u017einamos prek\u0117s pavadinim\u0105, u\u017esakymo numer\u012f ir gr\u0105\u017einimo prie\u017eastis. Gr\u0105\u017einant prekes, b\u016btina laikytis \u0161i\u0173 s\u0105lyg\u0173: gr\u0105\u017einama prek\u0117 turi b\u016bti originalioje tvarkingoje pakuot\u0117je (\u0161is punktas netaikomas gr\u0105\u017einant nekokybi\u0161k\u0105 prek\u0119); prek\u0117 turi b\u016bti Pirk\u0117jo nenaudota ir nesugadinta; prek\u0117 turi b\u016bti nepraradusi prekin\u0117s i\u0161vaizdos (nepa\u017eeistos etiket\u0117s, nenupl\u0117\u0161tos apsaugin\u0117s [&hellip;]<\/p>\n","protected":false},"author":5,"featured_media":0,"parent":0,"menu_order":0,"comment_status":"closed","ping_status":"closed","template":"","meta":{"footnotes":""},"class_list":["post-3332","page","type-page","status-publish","hentry"],"_links":{"self":[{"href":"https:\/\/e.totemas.lt\/ru\/wp-json\/wp\/v2\/pages\/3332","targetHints":{"allow":["GET"]}}],"collection":[{"href":"https:\/\/e.totemas.lt\/ru\/wp-json\/wp\/v2\/pages"}],"about":[{"href":"https:\/\/e.totemas.lt\/ru\/wp-json\/wp\/v2\/types\/page"}],"author":[{"embeddable":true,"href":"https:\/\/e.totemas.lt\/ru\/wp-json\/wp\/v2\/users\/5"}],"replies":[{"embeddable":true,"href":"https:\/\/e.totemas.lt\/ru\/wp-json\/wp\/v2\/comments?post=3332"}],"version-history":[{"count":4,"href":"https:\/\/e.totemas.lt\/ru\/wp-json\/wp\/v2\/pages\/3332\/revisions"}],"predecessor-version":[{"id":3340,"href":"https:\/\/e.totemas.lt\/ru\/wp-json\/wp\/v2\/pages\/3332\/revisions\/3340"}],"wp:attachment":[{"href":"https:\/\/e.totemas.lt\/ru\/wp-json\/wp\/v2\/media?parent=3332"}],"curies":[{"name":"wp","href":"https:\/\/api.w.org\/{rel}","templated":true}]}}