{"id":2289,"date":"2014-09-20T17:15:20","date_gmt":"2014-09-20T15:15:20","guid":{"rendered":"http:\/\/demo.transvelo.com\/media-center-wp\/?page_id=490"},"modified":"2025-10-30T05:41:13","modified_gmt":"2025-10-30T03:41:13","slug":"contact-v1","status":"publish","type":"page","link":"https:\/\/e.totemas.lt\/ru\/contact-v1\/","title":{"rendered":"\u041a\u043e\u043d\u0442\u0430\u043a\u0442\u044b"},"content":{"rendered":"<div data-vc-full-width=\"true\" data-vc-full-width-init=\"false\" data-vc-stretch-content=\"true\" class=\"vc_row wpb_row vc_row-fluid\"><div class=\"wpb_column vc_column_container vc_col-sm-12\"><div class=\"vc_column-inner\"><div class=\"wpb_wrapper\"><div class=\"wpb_gmaps_widget wpb_content_element\"><div class=\"wpb_wrapper\"><div class=\"wpb_map_wraper\"><iframe referrerpolicy=\"no-referrer-when-downgrade\" loading=\"lazy\" allowfullscreen=\"\" style=\"border:0;\" height=\"450\" width=\"600\" src=\"https:\/\/maps.google.com\/maps?width=600&height=450&hl=en&q=Vairo%20g.%206%2C%20%C5%A0iauliai%2C%20Lietuva&t=&z=15&ie=UTF8&iwloc=B&output=embed\"><\/iframe><\/div><\/div><\/div><\/div><\/div><\/div><\/div><div class=\"vc_row-full-width vc_clearfix\"><\/div><div class=\"vc_row wpb_row vc_row-fluid inner-top-xs\"><div class=\"wpb_column vc_column_container vc_col-sm-7\"><div class=\"vc_column-inner\"><div class=\"wpb_wrapper\">\n\t<div class=\"wpb_text_column wpb_content_element\" >\n\t\t<div class=\"wpb_wrapper\">\n\t\t\t<h2 class=\"bordered\">Para\u0161ykite mums<\/h2>\n\n\t\t<\/div>\n\t<\/div>\n\n<div class=\"wpcf7 no-js\" id=\"wpcf7-f49-o1\" lang=\"en-US\" dir=\"ltr\" data-wpcf7-id=\"49\">\n<div class=\"screen-reader-response\"><p role=\"status\" aria-live=\"polite\" aria-atomic=\"true\"><\/p> <ul><\/ul><\/div>\n<form action=\"\/ru\/wp-json\/wp\/v2\/pages\/2289#wpcf7-f49-o1\" method=\"post\" class=\"wpcf7-form init\" aria-label=\"Contact form\" novalidate=\"novalidate\" data-status=\"init\" data-trp-original-action=\"\/ru\/wp-json\/wp\/v2\/pages\/2289#wpcf7-f49-o1\">\n<fieldset class=\"hidden-fields-container\"><input type=\"hidden\" name=\"_wpcf7\" value=\"49\" \/><input type=\"hidden\" name=\"_wpcf7_version\" value=\"6.1.5\" \/><input type=\"hidden\" name=\"_wpcf7_locale\" value=\"en_US\" \/><input type=\"hidden\" name=\"_wpcf7_unit_tag\" value=\"wpcf7-f49-o1\" \/><input type=\"hidden\" name=\"_wpcf7_container_post\" value=\"0\" \/><input type=\"hidden\" name=\"_wpcf7_posted_data_hash\" value=\"\" \/>\n<\/fieldset>\n<div class=\"cf-style-1\">\n\t<div class=\"row field-row\">\n\t\t<div class=\"col-xs-12 col-sm-6\">\n\t\t\t<p><label>Vardas*<\/label><span class=\"wpcf7-form-control-wrap\" data-name=\"your-name\"><input size=\"40\" maxlength=\"400\" class=\"wpcf7-form-control wpcf7-text wpcf7-validates-as-required le-input\" aria-required=\"true\" aria-invalid=\"false\" value=\"\" type=\"text\" name=\"your-name\" \/><\/span>\n\t\t\t<\/p>\n\t\t<\/div>\n\t\t<div class=\"col-xs-12 col-sm-6\">\n\t\t\t<p><label>El. pa\u0161tas*<\/label><span class=\"wpcf7-form-control-wrap\" data-name=\"your-email\"><input size=\"40\" maxlength=\"400\" class=\"wpcf7-form-control wpcf7-email wpcf7-validates-as-required wpcf7-text wpcf7-validates-as-email le-input\" aria-required=\"true\" aria-invalid=\"false\" value=\"\" type=\"email\" name=\"your-email\" \/><\/span>\n\t\t\t<\/p>\n\t\t<\/div>\n\t<\/div><!-- \/.field-row -->\n\t<div class=\"field-row\">\n\t\t<p><label>Tema<\/label><span class=\"wpcf7-form-control-wrap\" data-name=\"your-subject\"><input size=\"40\" maxlength=\"400\" class=\"wpcf7-form-control wpcf7-text le-input\" aria-invalid=\"false\" value=\"\" type=\"text\" name=\"your-subject\" \/><\/span>\n\t\t<\/p>\n\t<\/div><!-- \/.field-row -->\n\t<div class=\"field-row\">\n\t\t<p><label>J\u016bs\u0173 prane\u0161imas<\/label><span class=\"wpcf7-form-control-wrap\" data-name=\"your-message\"><textarea cols=\"40\" rows=\"8\" maxlength=\"2000\" class=\"wpcf7-form-control wpcf7-textarea le-input\" aria-invalid=\"false\" name=\"your-message\"><\/textarea><\/span>\n\t\t<\/p>\n\t<\/div><!-- \/.field-row -->\n\t<div class=\"buttons-holder\">\n\t\t<p><input class=\"wpcf7-form-control wpcf7-submit has-spinner le-button huge\" type=\"submit\" value=\"Si\u016bsti\" \/>\n\t\t<\/p>\n\t<\/div><!-- \/.buttons-holder -->\n<\/div><div class=\"wpcf7-response-output\" aria-hidden=\"true\"><\/div>\n<input type=\"hidden\" name=\"trp-form-language\" value=\"ru\"\/><\/form>\n<\/div>\n<\/div><\/div><\/div><div class=\"wpb_column vc_column_container vc_col-sm-5\"><div class=\"vc_column-inner\"><div class=\"wpb_wrapper\">\n\t<div class=\"wpb_text_column wpb_content_element  vc_custom_1761794955023\" >\n\t\t<div class=\"wpb_wrapper\">\n\t\t\t<h3 class=\"highlight\">UAB \u201cTOTEMAS\u201d<\/h3>\n\n\t\t<\/div>\n\t<\/div>\n\n\t<div class=\"wpb_text_column wpb_content_element\" >\n\t\t<div class=\"wpb_wrapper\">\n\t\t\t<p>\u012emon\u0117s kodas: 302250710<br \/>\nPVM kodas: LT100004428717<br \/>\nBuvein\u0117s adr.: Vairo g. 6, \u0160iauliai, LT-78140<br \/>\nAtsiskaitomoji s\u0105skaita: LT897300010111845371 AB Swedbank<br \/>\nTelefonas: +37063000680<br \/>\n\u042d\u043b. \u042d\u043b\u0435\u043a\u0442\u0440\u043e\u043d\u043d\u0430\u044f \u043f\u043e\u0447\u0442\u0430: info@totemas.lt<\/p>\n\n\t\t<\/div>\n\t<\/div>\n<div class=\"vc_row wpb_row vc_inner vc_row-fluid\"><div class=\"wpb_column vc_column_container vc_col-sm-6\"><div class=\"vc_column-inner\"><div class=\"wpb_wrapper\">\n\t<div class=\"wpb_text_column wpb_content_element\" >\n\t\t<div class=\"wpb_wrapper\">\n\t\t\t<p><a href=\"https:\/\/maps.google.com\/maps?q=Vairo g. 6, \u0160iauliai, Lietuva\"><i class=\"fa fa-map-marker\"><\/i> Vairo g. 6, \u0160iauliai, Lietuva<\/a><br \/>\n<a href=\"tel:+37063000680\"><i class=\"fa fa-phone\"><\/i> +370 63000680<\/a><br \/>\n<a href=\"tel:+37065055161\"><i class=\"fa fa-phone\"><\/i> +370 650 55161<\/a><\/p>\n\n\t\t<\/div>\n\t<\/div>\n<\/div><\/div><\/div><div class=\"wpb_column vc_column_container vc_col-sm-6\"><div class=\"vc_column-inner\"><div class=\"wpb_wrapper\">\n\t<div class=\"wpb_text_column wpb_content_element\" >\n\t\t<div class=\"wpb_wrapper\">\n\t\t\t<p><a href=\"mailto:info@totemas.lt\"><i class=\"fa fa-envelope\"><\/i> info@totemas.lt<\/a><br \/>\n<a href=\"mailto:vadyba@totemas.lt\"><i class=\"fa fa-envelope\"><\/i> vadyba@totemas.lt<\/a><br \/>\n<a href=\"mailto:support@totemas.lt\"><i class=\"fa fa-envelope\"><\/i> support@totemas.lt<\/a><\/p>\n\n\t\t<\/div>\n\t<\/div>\n<\/div><\/div><\/div><\/div><\/div><\/div><\/div><\/div>","protected":false},"excerpt":{"rendered":"Para\u0161ykite mums Vardas* El. pa\u0161tas* Tema J\u016bs\u0173 prane\u0161imas UAB \u201cTOTEMAS\u201d \u012emon\u0117s kodas: 302250710 PVM kodas: LT100004428717 Buvein\u0117s adr.: Vairo g. 6, \u0160iauliai, LT-78140 Atsiskaitomoji s\u0105skaita: LT897300010111845371 AB Swedbank Telefonas: +37063000680 El. pa\u0161tas: info@totemas.lt Vairo g. 6, \u0160iauliai, Lietuva +370 63000680 +370 650 55161 info@totemas.lt vadyba@totemas.lt support@totemas.lt","protected":false},"author":5,"featured_media":0,"parent":0,"menu_order":0,"comment_status":"closed","ping_status":"closed","template":"","meta":{"footnotes":""},"class_list":["post-2289","page","type-page","status-publish","hentry"],"_links":{"self":[{"href":"https:\/\/e.totemas.lt\/ru\/wp-json\/wp\/v2\/pages\/2289","targetHints":{"allow":["GET"]}}],"collection":[{"href":"https:\/\/e.totemas.lt\/ru\/wp-json\/wp\/v2\/pages"}],"about":[{"href":"https:\/\/e.totemas.lt\/ru\/wp-json\/wp\/v2\/types\/page"}],"author":[{"embeddable":true,"href":"https:\/\/e.totemas.lt\/ru\/wp-json\/wp\/v2\/users\/5"}],"replies":[{"embeddable":true,"href":"https:\/\/e.totemas.lt\/ru\/wp-json\/wp\/v2\/comments?post=2289"}],"version-history":[{"count":14,"href":"https:\/\/e.totemas.lt\/ru\/wp-json\/wp\/v2\/pages\/2289\/revisions"}],"predecessor-version":[{"id":3388,"href":"https:\/\/e.totemas.lt\/ru\/wp-json\/wp\/v2\/pages\/2289\/revisions\/3388"}],"wp:attachment":[{"href":"https:\/\/e.totemas.lt\/ru\/wp-json\/wp\/v2\/media?parent=2289"}],"curies":[{"name":"wp","href":"https:\/\/api.w.org\/{rel}","templated":true}]}}