{"id":15,"date":"2019-12-12T13:00:54","date_gmt":"2019-12-12T13:00:54","guid":{"rendered":"https:\/\/shop.totemas.lt\/my-account\/"},"modified":"2020-09-15T11:32:38","modified_gmt":"2020-09-15T11:32:38","slug":"my-account","status":"publish","type":"page","link":"https:\/\/e.totemas.lt\/ru\/my-account\/","title":{"rendered":"\u043c\u043e\u0439 \u0441\u0447\u0435\u0442"},"content":{"rendered":"<div class=\"woocommerce\">\t\t<div class=\"wrap-customer-login-form\">\n\t\t<div class=\"woocommerce-notices-wrapper\"><\/div>\n\n<div class=\"u-columns col2-set\" id=\"customer_login\">\n\n\t<div class=\"u-column1 col-1\">\n\n\n\t\t<h2 data-no-translation=\"\" data-trp-gettext=\"\">\u0412\u0445\u043e\u0434<\/h2>\n\n\t\t<form class=\"woocommerce-form woocommerce-form-login login\" method=\"post\" novalidate action=\"\">\n\n\t\t\t<p>Hello, Welcome to your account<\/p>\n\t\t\t<p class=\"woocommerce-form-row woocommerce-form-row--wide form-row form-row-wide\">\n\t\t\t\t<label for=\"username\">\u0418\u043c\u044f \u043f\u043e\u043b\u044c\u0437\u043e\u0432\u0430\u0442\u0435\u043b\u044f \u0438\u043b\u0438 Email&nbsp;<span class=\"required\" aria-hidden=\"true\">*<\/span><span class=\"screen-reader-text\" data-no-translation=\"\" data-trp-gettext=\"\">\u041e\u0431\u044f\u0437\u0430\u0442\u0435\u043b\u044c\u043d\u043e<\/span><\/label>\n\t\t\t\t<input type=\"text\" class=\"woocommerce-Input woocommerce-Input--text input-text\" name=\"username\" id=\"username\" autocomplete=\"username\" value=\"\" required aria-required=\"true\" \/>\t\t\t<\/p>\n\t\t\t<p class=\"woocommerce-form-row woocommerce-form-row--wide form-row form-row-wide\">\n\t\t\t\t<label for=\"password\">\u041f\u0430\u0440\u043e\u043b\u044c&nbsp;<span class=\"required\" aria-hidden=\"true\">*<\/span><span class=\"screen-reader-text\" data-no-translation=\"\" data-trp-gettext=\"\">\u041e\u0431\u044f\u0437\u0430\u0442\u0435\u043b\u044c\u043d\u043e<\/span><\/label>\n\t\t\t\t<input class=\"woocommerce-Input woocommerce-Input--text input-text\" type=\"password\" name=\"password\" id=\"password\" autocomplete=\"current-password\" required aria-required=\"true\" \/>\n\t\t\t<\/p>\n\n\t\t\t\n\t\t\t<p class=\"form-row\">\n\t\t\t\t<label class=\"woocommerce-form__label woocommerce-form__label-for-checkbox woocommerce-form-login__rememberme\">\n\t\t\t\t\t<input class=\"woocommerce-form__input woocommerce-form__input-checkbox\" name=\"rememberme\" type=\"checkbox\" id=\"rememberme\" value=\"forever\" \/> <span data-no-translation=\"\" data-trp-gettext=\"\">\u0417\u0430\u043f\u043e\u043c\u043d\u0438\u0442\u044c \u043c\u0435\u043d\u044f<\/span>\n\t\t\t\t<\/label>\n\t\t\t\t<input type=\"hidden\" id=\"woocommerce-login-nonce\" name=\"woocommerce-login-nonce\" value=\"6ea0183bd8\" \/><input type=\"hidden\" name=\"_wp_http_referer\" value=\"\/ru\/wp-json\/wp\/v2\/pages\/15\" \/>\t\t\t\t<button type=\"submit\" class=\"woocommerce-button button woocommerce-form-login__submit\" name=\"login\" value=\"\u0412\u043e\u0439\u0442\u0438\" data-no-translation=\"\" data-trp-gettext=\"\" data-no-translation-value=\"\">\u0412\u043e\u0439\u0442\u0438<\/button>\n\t\t\t<\/p>\n\t\t\t<p class=\"woocommerce-LostPassword lost_password\">\n\t\t\t\t<a href=\"https:\/\/e.totemas.lt\/ru\/my-account\/lost-password\/\" data-no-translation=\"\" data-trp-gettext=\"\">\u0417\u0430\u0431\u044b\u043b\u0438 \u0441\u0432\u043e\u0439 \u043f\u0430\u0440\u043e\u043b\u044c?<\/a>\n\t\t\t<\/p>\n\n\t\t\t\n\t\t<input type=\"hidden\" name=\"trp-form-language\" value=\"ru\"\/><\/form>\n\n\n\t<\/div>\n\n\t<div class=\"u-column2 col-2\">\n\n\t\t<h2 data-no-translation=\"\" data-trp-gettext=\"\">\u0420\u0435\u0433\u0438\u0441\u0442\u0440\u0430\u0446\u0438\u044f<\/h2>\n\n\t\t<form method=\"post\" class=\"woocommerce-form woocommerce-form-register register\" action=\"\"  >\n\n\t\t\t<p>Create your own account<\/p>\n\t\t\t\n\t\t\t<p class=\"woocommerce-form-row woocommerce-form-row--wide form-row form-row-wide\">\n\t\t\t\t<label for=\"reg_email\">Email&nbsp;<span class=\"required\" aria-hidden=\"true\">*<\/span><span class=\"screen-reader-text\" data-no-translation=\"\" data-trp-gettext=\"\">\u041e\u0431\u044f\u0437\u0430\u0442\u0435\u043b\u044c\u043d\u043e<\/span><\/label>\n\t\t\t\t<input type=\"email\" class=\"woocommerce-Input woocommerce-Input--text input-text\" name=\"email\" id=\"reg_email\" autocomplete=\"email\" value=\"\" required aria-required=\"true\" \/>\t\t\t<\/p>\n\n\t\t\t\n\t\t\t\t<p data-no-translation=\"\" data-trp-gettext=\"\">\u0421\u0441\u044b\u043b\u043a\u0430 \u0434\u043b\u044f \u0443\u0441\u0442\u0430\u043d\u043e\u0432\u043a\u0438 \u043d\u043e\u0432\u043e\u0433\u043e \u043f\u0430\u0440\u043e\u043b\u044f \u0431\u0443\u0434\u0435\u0442 \u043e\u0442\u043f\u0440\u0430\u0432\u043b\u0435\u043d\u0430 \u200b\u200b\u043d\u0430 \u0432\u0430\u0448 \u0430\u0434\u0440\u0435\u0441 \u044d\u043b\u0435\u043a\u0442\u0440\u043e\u043d\u043d\u043e\u0439 \u043f\u043e\u0447\u0442\u044b.<\/p>\n\n\t\t\t\n\t\t\t<wc-order-attribution-inputs><\/wc-order-attribution-inputs><div class=\"woocommerce-privacy-policy-text\"><p>\u0412\u0430\u0448\u0438 \u043b\u0438\u0447\u043d\u044b\u0435 \u0434\u0430\u043d\u043d\u044b\u0435 \u0431\u0443\u0434\u0443\u0442 \u0438\u0441\u043f\u043e\u043b\u044c\u0437\u043e\u0432\u0430\u0442\u044c\u0441\u044f \u0434\u043b\u044f \u0431\u043e\u043b\u0435\u0435 \u0443\u0434\u043e\u0431\u043d\u043e\u0433\u043e \u043f\u0440\u043e\u0441\u043c\u043e\u0442\u0440\u0430 \u044d\u0442\u043e\u0433\u043e \u0432\u0435\u0431-\u0441\u0430\u0439\u0442\u0430, \u0443\u043f\u0440\u0430\u0432\u043b\u0435\u043d\u0438\u044f \u0443\u0447\u0435\u0442\u043d\u043e\u0439 \u0437\u0430\u043f\u0438\u0441\u044c\u044e \u0438 \u0434\u0440\u0443\u0433\u0438\u0445 \u0446\u0435\u043b\u0435\u0439, \u043e\u043f\u0438\u0441\u0430\u043d\u043d\u044b\u0445 \u0432 \u043d\u0430\u0448\u0435\u0439 <a href=\"https:\/\/e.totemas.lt\/ru\/privacy-policy\/\" class=\"woocommerce-privacy-policy-link\" target=\"_blank\" data-no-translation=\"\" data-trp-gettext=\"\">\u043f\u043e\u043b\u0438\u0442\u0438\u043a\u0430 \u043a\u043e\u043d\u0444\u0438\u0434\u0435\u043d\u0446\u0438\u0430\u043b\u044c\u043d\u043e\u0441\u0442\u0438<\/a>.<\/p>\n<\/div>\n\t\t\t<p class=\"woocommerce-form-row form-row\">\n\t\t\t\t<input type=\"hidden\" id=\"woocommerce-register-nonce\" name=\"woocommerce-register-nonce\" value=\"22e720fc63\" \/><input type=\"hidden\" name=\"_wp_http_referer\" value=\"\/ru\/wp-json\/wp\/v2\/pages\/15\" \/>\t\t\t\t<button type=\"submit\" class=\"woocommerce-Button woocommerce-button button woocommerce-form-register__submit\" name=\"register\" value=\"\u0420\u0435\u0433\u0438\u0441\u0442\u0440\u0430\u0446\u0438\u044f\" data-no-translation=\"\" data-trp-gettext=\"\" data-no-translation-value=\"\">\u0420\u0435\u0433\u0438\u0441\u0442\u0440\u0430\u0446\u0438\u044f<\/button>\n\t\t\t<\/p>\n\n\t\t\t\t<section class=\"section why-register inner-top-xs\">\n\t\t<h2>Sign up today and you'll be able to :<\/h2>\n\t\t<ul class=\"list-unstyled list-benefits\">\n\t\t\t\t\t\t<li><i class=\"fa fa-check primary-color\"><\/i> Speed your way through the checkout<\/li>\n\t\t\t\t\t\t<li><i class=\"fa fa-check primary-color\"><\/i> Track your orders easily<\/li>\n\t\t\t\t\t\t<li><i class=\"fa fa-check primary-color\"><\/i> Keep a record of all your purchases<\/li>\n\t\t\t\t\t<\/ul>\n\t<\/section><!-- \/.why-register -->\n\t\n\t\t<input type=\"hidden\" name=\"trp-form-language\" value=\"ru\"\/><\/form>\n\n\t<\/div>\n\n<\/div>\n\n\t\t<\/div><!-- \/.wrap-customer-login-form -->\n\t\t<\/div>","protected":false},"excerpt":{"rendered":"\u0412\u0445\u043e\u0434 Hello, Welcome to your account \u0418\u043c\u044f \u043f\u043e\u043b\u044c\u0437\u043e\u0432\u0430\u0442\u0435\u043b\u044f \u0438\u043b\u0438 Email&nbsp;*\u041e\u0431\u044f\u0437\u0430\u0442\u0435\u043b\u044c\u043d\u043e \u041f\u0430\u0440\u043e\u043b\u044c&nbsp;*\u041e\u0431\u044f\u0437\u0430\u0442\u0435\u043b\u044c\u043d\u043e \u0417\u0430\u043f\u043e\u043c\u043d\u0438\u0442\u044c \u043c\u0435\u043d\u044f \u0412\u043e\u0439\u0442\u0438 \u0417\u0430\u0431\u044b\u043b\u0438 \u0441\u0432\u043e\u0439 \u043f\u0430\u0440\u043e\u043b\u044c? \u0420\u0435\u0433\u0438\u0441\u0442\u0440\u0430\u0446\u0438\u044f Create your own account Email&nbsp;*\u041e\u0431\u044f\u0437\u0430\u0442\u0435\u043b\u044c\u043d\u043e \u0421\u0441\u044b\u043b\u043a\u0430 \u0434\u043b\u044f \u0443\u0441\u0442\u0430\u043d\u043e\u0432\u043a\u0438 \u043d\u043e\u0432\u043e\u0433\u043e \u043f\u0430\u0440\u043e\u043b\u044f \u0431\u0443\u0434\u0435\u0442 \u043e\u0442\u043f\u0440\u0430\u0432\u043b\u0435\u043d\u0430 \u200b\u200b\u043d\u0430 \u0432\u0430\u0448 \u0430\u0434\u0440\u0435\u0441 \u044d\u043b\u0435\u043a\u0442\u0440\u043e\u043d\u043d\u043e\u0439 \u043f\u043e\u0447\u0442\u044b. J\u016bs\u0173 asmeniniai duomenys bus naudojami patogesniam nar\u0161ymui \u0161iame tinklalapyje, paskyros valdymui bei kitoms reikm\u0117ms, kurios apra\u0161ytos m\u016bs\u0173 \u043f\u043e\u043b\u0438\u0442\u0438\u043a\u0430 \u043a\u043e\u043d\u0444\u0438\u0434\u0435\u043d\u0446\u0438\u0430\u043b\u044c\u043d\u043e\u0441\u0442\u0438. \u0420\u0435\u0433\u0438\u0441\u0442\u0440\u0430\u0446\u0438\u044f Sign up today and you'll be [...]","protected":false},"author":1,"featured_media":0,"parent":0,"menu_order":0,"comment_status":"closed","ping_status":"closed","template":"","meta":{"footnotes":""},"class_list":["post-15","page","type-page","status-publish","hentry"],"_links":{"self":[{"href":"https:\/\/e.totemas.lt\/ru\/wp-json\/wp\/v2\/pages\/15","targetHints":{"allow":["GET"]}}],"collection":[{"href":"https:\/\/e.totemas.lt\/ru\/wp-json\/wp\/v2\/pages"}],"about":[{"href":"https:\/\/e.totemas.lt\/ru\/wp-json\/wp\/v2\/types\/page"}],"author":[{"embeddable":true,"href":"https:\/\/e.totemas.lt\/ru\/wp-json\/wp\/v2\/users\/1"}],"replies":[{"embeddable":true,"href":"https:\/\/e.totemas.lt\/ru\/wp-json\/wp\/v2\/comments?post=15"}],"version-history":[{"count":1,"href":"https:\/\/e.totemas.lt\/ru\/wp-json\/wp\/v2\/pages\/15\/revisions"}],"predecessor-version":[{"id":378,"href":"https:\/\/e.totemas.lt\/ru\/wp-json\/wp\/v2\/pages\/15\/revisions\/378"}],"wp:attachment":[{"href":"https:\/\/e.totemas.lt\/ru\/wp-json\/wp\/v2\/media?parent=15"}],"curies":[{"name":"wp","href":"https:\/\/api.w.org\/{rel}","templated":true}]}}