{"id":838,"date":"2014-09-24T22:36:22","date_gmt":"2014-09-24T22:36:22","guid":{"rendered":"http:\/\/demo.transvelo.com\/media-center-wp\/?page_id=838"},"modified":"2022-05-06T13:03:24","modified_gmt":"2022-05-06T11:03:24","slug":"about-v2","status":"publish","type":"page","link":"https:\/\/e.totemas.lt\/en\/about-v2\/","title":{"rendered":"Apie mus"},"content":{"rendered":"<div class=\"vc_row wpb_row vc_row-fluid inner-top-xs\"><div class=\"wpb_column vc_column_container vc_col-sm-6\"><div class=\"vc_column-inner\"><div class=\"wpb_wrapper\">\n\t<div  class=\"wpb_single_image wpb_content_element vc_align_left\">\n\t\t\n\t\t<figure class=\"wpb_wrapper vc_figure\">\n\t\t\t<div class=\"vc_single_image-wrapper   vc_box_border_grey\"><img loading=\"lazy\" decoding=\"async\" width=\"572\" height=\"362\" src=\"https:\/\/e.totemas.lt\/wp-content\/themes\/mediacenter\/assets\/images\/blank.gif\" class=\"vc_single_image-img attachment-full echo-lazy-loading\" alt=\"\" title=\"our-team\" srcset=\"https:\/\/e.totemas.lt\/wp-content\/uploads\/2014\/09\/our-team.jpg 572w, https:\/\/e.totemas.lt\/wp-content\/uploads\/2014\/09\/our-team-300x190.jpg 300w\" sizes=\"auto, (max-width: 572px) 100vw, 572px\" data-echo=\"https:\/\/e.totemas.lt\/wp-content\/uploads\/2014\/09\/our-team.jpg\" \/><\/div>\n\t\t<\/figure>\n\t<\/div>\n<\/div><\/div><\/div><div class=\"wpb_column vc_column_container vc_col-sm-6\"><div class=\"vc_column-inner\"><div class=\"wpb_wrapper\">\n\t<div class=\"wpb_text_column wpb_content_element\" >\n\t\t<div class=\"wpb_wrapper\">\n\t\t\t<h2 class=\"align-top\">Who we are<\/h2>\n<p>UAB \u201cTotemas\u201c \u2013 \u012fmon\u0117 teikianti transporto priemoni\u0173 steb\u0117jimo ir kontrol\u0117s paslaugas, naudojant pa\u017eangiausias telekomunikacines ir in\u017einerines technologijas.<\/p>\n<p>M\u016bs\u0173 transporto priemoni\u0173 steb\u0117jimo sistemos teikiam\u0173 galimybi\u0173 d\u0117ka yra didinamas transporto kompanij\u0173 veiklos produktyvumas.<\/p>\n\n\t\t<\/div>\n\t<\/div>\n<\/div><\/div><\/div><\/div><div class=\"vc_row wpb_row vc_row-fluid inner-top-xs inner-bottom-sm\"><div class=\"wpb_column vc_column_container vc_col-sm-6\"><div class=\"vc_column-inner\"><div class=\"wpb_wrapper\">\n\t<div class=\"wpb_accordion wpb_content_element  not-column-inherit\" data-collapsible=\"\" data-vc-disable-keydown=\"false\" data-active-tab=\"1\">\n\t\t<div class=\"wpb_wrapper wpb_accordion_wrapper ui-accordion\">\n<h2 class=\"wpb_heading wpb_accordion_heading\">M\u016bs\u0173 si\u016blomos paslaugos<\/h2>\n\n\t<div class=\"wpb_accordion_section group\">\n\t\t<h3 class=\"wpb_accordion_header ui-accordion-header\"><a href=\"#transporto-priemoniu-stebejimas\">Transporto priemoni\u0173 steb\u0117jimas<\/a><\/h3>\n\t\t<div class=\"wpb_accordion_content ui-accordion-content vc_clearfix\">\n\t\t\t\n\t<div class=\"wpb_text_column wpb_content_element\" >\n\t\t<div class=\"wpb_wrapper\">\n\t\t\t<p>Tai paslauga,kuri suteikia galimyb\u0119 steb\u0117ti J\u016bs\u0173 transporto priemoni\u0173 veikl\u0105 realiu laiku bet kuriuo paros metu. Prisijung\u0119 prie sistemos J\u016bs matote priemoni\u0173: buvimo viet\u0105, jud\u0117jimo istorij\u0105, darbo laik\u0105, faktines kuro s\u0105naudas, kuro lyg\u012f, asmeni\u0161kai Jums sukurtas ataskaitas.<\/p>\n\n\t\t<\/div>\n\t<\/div>\n\n\t\t<\/div>\n\t<\/div>\n\n\t<div class=\"wpb_accordion_section group\">\n\t\t<h3 class=\"wpb_accordion_header ui-accordion-header\"><a href=\"#gpslogistika\">GPSlogistika<\/a><\/h3>\n\t\t<div class=\"wpb_accordion_content ui-accordion-content vc_clearfix\">\n\t\t\t\n\t<div class=\"wpb_text_column wpb_content_element\" >\n\t\t<div class=\"wpb_wrapper\">\n\t\t\t<p>\u0160i sistema turi galimyb\u0119 Jus informuoti apie: transporto priemon\u0117s atvykim\u0105 \u012f nustatyt\u0105 viet\u0105, nukrypim\u0105 nuo mar\u0161ruto, i\u0161sikraunant\u012f akumuliatori\u0173, vir\u0161ijam\u0105 greit\u012f.<\/p>\n\n\t\t<\/div>\n\t<\/div>\n\n\t\t<\/div>\n\t<\/div>\n\n\t<div class=\"wpb_accordion_section group\">\n\t\t<h3 class=\"wpb_accordion_header ui-accordion-header\"><a href=\"#kuro-kiekio-kitimu-kontrole\">Kuro kiekio kitim\u0173 kontrol\u0117<\/a><\/h3>\n\t\t<div class=\"wpb_accordion_content ui-accordion-content vc_clearfix\">\n\t\t\t\n\t<div class=\"wpb_text_column wpb_content_element\" >\n\t\t<div class=\"wpb_wrapper\">\n\t\t\t<p>Tai paslauga padedanti kontroliuoti bei taupyti J\u016bs\u0173 resursus. \u0160ios paslaugos pagalba gal\u0117site matyti: faktines degal\u0173 s\u0105naudas (duomenys gaunami i\u0161 variklio purk\u0161tuk\u0173 arba skaitmenini\u0173 kuro skaitliuk\u0173), kuro lyg\u012f bake (duomenys gaunami i\u0161 kuro bako).<\/p>\n\n\t\t<\/div>\n\t<\/div>\n\n\t\t<\/div>\n\t<\/div>\n\n\t<div class=\"wpb_accordion_section group\">\n\t\t<h3 class=\"wpb_accordion_header ui-accordion-header\"><a href=\"#marsrutu-optimizavimas\">Mar\u0161rut\u0173 optimizavimas<\/a><\/h3>\n\t\t<div class=\"wpb_accordion_content ui-accordion-content vc_clearfix\">\n\t\t\t\n\t<div class=\"wpb_text_column wpb_content_element\" >\n\t\t<div class=\"wpb_wrapper\">\n\t\t\t<p>\u0160i paslauga efektyviausiu b\u016bdu pad\u0117s Jums suplanuoti transporto priemoni\u0173 mar\u0161rutus.<\/p>\n\n\t\t<\/div>\n\t<\/div>\n\n\t\t<\/div>\n\t<\/div>\n\n\t<div class=\"wpb_accordion_section group\">\n\t\t<h3 class=\"wpb_accordion_header ui-accordion-header\"><a href=\"#dvipuse-komunikacija-su-vairuotoju\">Dvipus\u0117 komunikacija su vairuotoju<\/a><\/h3>\n\t\t<div class=\"wpb_accordion_content ui-accordion-content vc_clearfix\">\n\t\t\t\n\t<div class=\"wpb_text_column wpb_content_element\" >\n\t\t<div class=\"wpb_wrapper\">\n\t\t\t<p>\u0160is sprendimas padeda tiksliai nustatyti ir nusi\u0173sti mar\u0161ruto tikslias koordinates, komunikuoti Garmin navigacijos pagalba su vairuotoju, vairuotojui atsakyti ar ra\u0161yti Garmin navigacijoje \u017einutes.<\/p>\n\n\t\t<\/div>\n\t<\/div>\n\n\t\t<\/div>\n\t<\/div>\n\n\t\t<\/div>\n\t<\/div>\n<\/div><\/div><\/div><div class=\"wpb_column vc_column_container vc_col-sm-6\"><div class=\"vc_column-inner vc_custom_1651834980488\"><div class=\"wpb_wrapper\"><div class=\"vc_row wpb_row vc_inner vc_row-fluid inner-bottom-xs\"><div class=\"wpb_column vc_column_container vc_col-sm-12\"><div class=\"vc_column-inner\"><div class=\"wpb_wrapper\">\n\t<div class=\"wpb_text_column wpb_content_element\" >\n\t\t<div class=\"wpb_wrapper\">\n\t\t\t<h3 class=\"highlight\">Papildomos paslaugos<\/h3>\n<p><i class=\"fa fa-check\" style=\"color: #59b210;\"><\/i> Eko vairavimo ataskaita,<\/p>\n<p><i class=\"fa fa-check\" style=\"color: #59b210;\"><\/i> Tacho korteli\u0173 nuskaitymas,<\/p>\n<p><i class=\"fa fa-check\" style=\"color: #59b210;\"><\/i> Temperat\u016bros davikliai,<\/p>\n<p><i class=\"fa fa-check\" style=\"color: #59b210;\"><\/i> Dur\u0173 atidarymo davikliai,<\/p>\n<p><i class=\"fa fa-check\" style=\"color: #59b210;\"><\/i> Vairuotoj\u0173 identifikacijos,<\/p>\n<p><i class=\"fa fa-check\" style=\"color: #59b210;\"><\/i> Elektroniniai faktini\u0173 kuro s\u0105naud\u0173 apskaitos priedai,<\/p>\n<p><i class=\"fa fa-check\" style=\"color: #59b210;\"><\/i> Skaitmeniniai kuro lygio matavimo zondai,<\/p>\n<p><i class=\"fa fa-check\" style=\"color: #59b210;\"><\/i> Bako elektromagnetiniai u\u017eraktai<\/p>\n\n\t\t<\/div>\n\t<\/div>\n<\/div><\/div><\/div><\/div><\/div><\/div><\/div><div class=\"wpb_column vc_column_container vc_col-sm-12\"><div class=\"vc_column-inner\"><div class=\"wpb_wrapper\"><div class=\"vc_row wpb_row vc_inner vc_row-fluid\"><div class=\"wpb_column vc_column_container vc_col-sm-12\"><div class=\"vc_column-inner\"><div class=\"wpb_wrapper\">\n\t<div class=\"wpb_text_column wpb_content_element\" >\n\t\t<div class=\"wpb_wrapper\">\n\t\t\t<h3 class=\"highlight\">Kod\u0117l verta naudotis m\u016bs\u0173 teikiamomis paslaugomis?<\/h3>\n<p>Mes siekiame patenkinti klient\u0173 l\u016bkes\u010dius ir poreikius, u\u017etikrinant auk\u0161t\u0105 paslaug\u0173 kokyb\u0119, ilgalaik\u0119 ir patikim\u0105 partneryst\u0119.<\/p>\n<p>Visuomet \u012fsiklausome \u012f klient\u0173 pageidavimus ir pateikiame priimtiniausi\u0105 sprendim\u0105 ir produkt\u0105.<\/p>\n<p>Operatyviai reaguojame ir \u0161aliname i\u0161kilusius nesklandumus, atliekame prie\u017ei\u016bros ir aptarnavimo darbus.\u200b<\/p>\n\n\t\t<\/div>\n\t<\/div>\n<\/div><\/div><\/div><\/div><\/div><\/div><\/div><\/div>","protected":false},"excerpt":{"rendered":"Kas mes esame UAB \u201cTotemas\u201c \u2013 \u012fmon\u0117 teikianti transporto priemoni\u0173 steb\u0117jimo ir kontrol\u0117s paslaugas, naudojant pa\u017eangiausias telekomunikacines ir in\u017einerines technologijas. M\u016bs\u0173 transporto priemoni\u0173 steb\u0117jimo sistemos teikiam\u0173 galimybi\u0173 d\u0117ka yra didinamas transporto kompanij\u0173 veiklos produktyvumas. M\u016bs\u0173 si\u016blomos paslaugos Transporto priemoni\u0173 steb\u0117jimas Tai paslauga,kuri suteikia galimyb\u0119 steb\u0117ti J\u016bs\u0173 transporto priemoni\u0173 veikl\u0105 realiu laiku bet kuriuo paros metu. Prisijung\u0119 prie sistemos J\u016bs matote priemoni\u0173: buvimo viet\u0105, jud\u0117jimo istorij\u0105, darbo laik\u0105, faktines kuro s\u0105naudas, kuro lyg\u012f, asmeni\u0161kai Jums sukurtas [...]","protected":false},"author":5,"featured_media":0,"parent":0,"menu_order":0,"comment_status":"closed","ping_status":"closed","template":"","meta":{"footnotes":""},"class_list":["post-838","page","type-page","status-publish","hentry"],"_links":{"self":[{"href":"https:\/\/e.totemas.lt\/en\/wp-json\/wp\/v2\/pages\/838","targetHints":{"allow":["GET"]}}],"collection":[{"href":"https:\/\/e.totemas.lt\/en\/wp-json\/wp\/v2\/pages"}],"about":[{"href":"https:\/\/e.totemas.lt\/en\/wp-json\/wp\/v2\/types\/page"}],"author":[{"embeddable":true,"href":"https:\/\/e.totemas.lt\/en\/wp-json\/wp\/v2\/users\/5"}],"replies":[{"embeddable":true,"href":"https:\/\/e.totemas.lt\/en\/wp-json\/wp\/v2\/comments?post=838"}],"version-history":[{"count":9,"href":"https:\/\/e.totemas.lt\/en\/wp-json\/wp\/v2\/pages\/838\/revisions"}],"predecessor-version":[{"id":3272,"href":"https:\/\/e.totemas.lt\/en\/wp-json\/wp\/v2\/pages\/838\/revisions\/3272"}],"wp:attachment":[{"href":"https:\/\/e.totemas.lt\/en\/wp-json\/wp\/v2\/media?parent=838"}],"curies":[{"name":"wp","href":"https:\/\/api.w.org\/{rel}","templated":true}]}}