{"id":3343,"date":"2022-06-29T14:16:08","date_gmt":"2022-06-29T11:16:08","guid":{"rendered":"https:\/\/shop.totemas.lt\/?page_id=3343"},"modified":"2022-06-29T14:16:10","modified_gmt":"2022-06-29T11:16:10","slug":"apmokejimas","status":"publish","type":"page","link":"https:\/\/e.totemas.lt\/en\/apmokejimas\/","title":{"rendered":"Apmok\u0117jimas"},"content":{"rendered":"<p>Apmok\u0117ti u\u017e perkamas prekes galite vienu i\u0161 si\u016blom\u0173 apmok\u0117jimo b\u016bd\u0173:<\/p>\n\n\n\n<ul class=\"wp-block-list\"><li>per elektroninio atsiskaitymo sistem\u0105 \u201eMok\u0117jimai.lt\u201d (\u201ePaysera\u201d);<\/li><li>atliekant bankin\u012f pavedim\u0105 \u012f m\u016bs\u0173 atsiskaitom\u0105j\u0105 banko s\u0105skait\u0105: LT897300010111845371 AB Swedbank;<\/li><\/ul>","protected":false},"excerpt":{"rendered":"<p>Apmok\u0117ti u\u017e perkamas prekes galite vienu i\u0161 si\u016blom\u0173 apmok\u0117jimo b\u016bd\u0173: per elektroninio atsiskaitymo sistem\u0105 \u201eMok\u0117jimai.lt\u201d (\u201ePaysera\u201d); atliekant bankin\u012f pavedim\u0105 \u012f m\u016bs\u0173 atsiskaitom\u0105j\u0105 banko s\u0105skait\u0105: LT897300010111845371 AB Swedbank;<\/p>","protected":false},"author":5,"featured_media":0,"parent":0,"menu_order":0,"comment_status":"closed","ping_status":"closed","template":"","meta":{"footnotes":""},"class_list":["post-3343","page","type-page","status-publish","hentry"],"_links":{"self":[{"href":"https:\/\/e.totemas.lt\/en\/wp-json\/wp\/v2\/pages\/3343","targetHints":{"allow":["GET"]}}],"collection":[{"href":"https:\/\/e.totemas.lt\/en\/wp-json\/wp\/v2\/pages"}],"about":[{"href":"https:\/\/e.totemas.lt\/en\/wp-json\/wp\/v2\/types\/page"}],"author":[{"embeddable":true,"href":"https:\/\/e.totemas.lt\/en\/wp-json\/wp\/v2\/users\/5"}],"replies":[{"embeddable":true,"href":"https:\/\/e.totemas.lt\/en\/wp-json\/wp\/v2\/comments?post=3343"}],"version-history":[{"count":1,"href":"https:\/\/e.totemas.lt\/en\/wp-json\/wp\/v2\/pages\/3343\/revisions"}],"predecessor-version":[{"id":3344,"href":"https:\/\/e.totemas.lt\/en\/wp-json\/wp\/v2\/pages\/3343\/revisions\/3344"}],"wp:attachment":[{"href":"https:\/\/e.totemas.lt\/en\/wp-json\/wp\/v2\/media?parent=3343"}],"curies":[{"name":"wp","href":"https:\/\/api.w.org\/{rel}","templated":true}]}}